{"id":1136,"date":"2016-07-19T10:27:25","date_gmt":"2016-07-19T10:27:25","guid":{"rendered":"http:\/\/www.csladvocats.com\/ca\/relaciones-colectivas-de-trabajo\/"},"modified":"2023-06-06T14:50:03","modified_gmt":"2023-06-06T14:50:03","slug":"relacions-collectives-de-treball","status":"publish","type":"page","link":"https:\/\/www.csladvocats.com\/ca\/relacions-collectives-de-treball\/","title":{"rendered":"Relacions col\u00b7lectives de treball"},"content":{"rendered":"<p>[et_pb_section admin_label=&#8221;Secci\u00f3n&#8221; fullwidth=&#8221;off&#8221; specialty=&#8221;off&#8221; transparent_background=&#8221;off&#8221; background_color=&#8221;#42565f&#8221; allow_player_pause=&#8221;off&#8221; inner_shadow=&#8221;off&#8221; parallax=&#8221;off&#8221; parallax_method=&#8221;off&#8221; padding_mobile=&#8221;off&#8221; make_fullwidth=&#8221;off&#8221; use_custom_width=&#8221;off&#8221; width_unit=&#8221;on&#8221; make_equal=&#8221;off&#8221; use_custom_gutter=&#8221;off&#8221;][et_pb_row admin_label=&#8221;Fila&#8221; make_fullwidth=&#8221;on&#8221; use_custom_width=&#8221;off&#8221; width_unit=&#8221;on&#8221; use_custom_gutter=&#8221;off&#8221; padding_mobile=&#8221;off&#8221; allow_player_pause=&#8221;off&#8221; parallax=&#8221;off&#8221; parallax_method=&#8221;off&#8221; make_equal=&#8221;off&#8221; parallax_1=&#8221;off&#8221; parallax_method_1=&#8221;off&#8221; column_padding_mobile=&#8221;on&#8221;][et_pb_column type=&#8221;4_4&#8243;][et_pb_text admin_label=&#8221;Texto&#8221; background_layout=&#8221;dark&#8221; text_orientation=&#8221;left&#8221; background_color=&#8221;rgba(255,255,255,0)&#8221; use_border_color=&#8221;off&#8221; border_color=&#8221;#ffffff&#8221; border_style=&#8221;solid&#8221;]<\/p>\n<p style=\"text-align: center;\"><strong>RELACIONS COL\u00b7LECTIVES DE TREBALL<br \/>\n<\/strong><\/p>\n<p>[\/et_pb_text][\/et_pb_column][\/et_pb_row][\/et_pb_section][et_pb_section admin_label=&#8221;section&#8221;][et_pb_row admin_label=&#8221;row&#8221; make_fullwidth=&#8221;off&#8221; use_custom_width=&#8221;off&#8221; width_unit=&#8221;on&#8221; use_custom_gutter=&#8221;off&#8221; padding_mobile=&#8221;off&#8221; allow_player_pause=&#8221;off&#8221; parallax=&#8221;off&#8221; parallax_method=&#8221;off&#8221; make_equal=&#8221;off&#8221; parallax_1=&#8221;off&#8221; parallax_method_1=&#8221;off&#8221; column_padding_mobile=&#8221;on&#8221;][et_pb_column type=&#8221;4_4&#8243;][et_pb_toggle admin_label=&#8221;Conmutador&#8221; title=&#8221;Negociaci\u00f3 convenis col\u00b7lectius&#8221; open=&#8221;off&#8221; use_border_color=&#8221;off&#8221; border_color=&#8221;#ffffff&#8221; border_style=&#8221;solid&#8221; title_font=&#8221;Lato Light|on||on|&#8221;] [\/et_pb_toggle][et_pb_toggle admin_label=&#8221;Conmutador&#8221; title=&#8221;Negociaci\u00f3 pactes d&#039;empresa&#8221; open=&#8221;off&#8221; use_border_color=&#8221;off&#8221; border_color=&#8221;#ffffff&#8221; border_style=&#8221;solid&#8221; title_font=&#8221;Lato Light|on||on|&#8221;] [\/et_pb_toggle][et_pb_toggle admin_label=&#8221;Conmutador&#8221; title=&#8221;Expedients regulaci\u00f3 d&#039;ocupaci\u00f3 (ERE) d&#039;extinci\u00f3 i\/o suspensi\u00f3 de contractes de treball&#8221; open=&#8221;off&#8221; use_border_color=&#8221;off&#8221; border_color=&#8221;#ffffff&#8221; border_style=&#8221;solid&#8221; title_font=&#8221;|on||on|&#8221;] [\/et_pb_toggle][et_pb_toggle admin_label=&#8221;Conmutador&#8221; title=&#8221;Mobilitats i\/o trasllats col\u00b7lectius&#8221; open=&#8221;off&#8221; use_border_color=&#8221;off&#8221; border_color=&#8221;#ffffff&#8221; border_style=&#8221;solid&#8221; title_font=&#8221;|on||on|&#8221;] [\/et_pb_toggle][et_pb_toggle admin_label=&#8221;Conmutador&#8221; title=&#8221;Prevenci\u00f3 de riscos laborals&#8221; open=&#8221;off&#8221; use_border_color=&#8221;off&#8221; border_color=&#8221;#ffffff&#8221; border_style=&#8221;solid&#8221; title_font=&#8221;|on||on|&#8221;] [\/et_pb_toggle][\/et_pb_column][\/et_pb_row][\/et_pb_section]<\/p>\n","protected":false},"excerpt":{"rendered":"<p>RELACIONS COL\u00b7LECTIVES DE TREBALL<\/p>\n","protected":false},"author":3,"featured_media":0,"parent":0,"menu_order":0,"comment_status":"closed","ping_status":"closed","template":"","meta":{"_et_pb_use_builder":"on","_et_pb_old_content":"","_et_gb_content_width":"","footnotes":""},"class_list":["post-1136","page","type-page","status-publish","hentry"],"yoast_head":"<!-- This site is optimized with the Yoast SEO plugin v27.2 - https:\/\/yoast.com\/product\/yoast-seo-wordpress\/ -->\n<title>Rel.col\u00b7lectives de treball-CSL Advocats\u00b7Convenios.Prevenci\u00f3n de riesgos<\/title>\n<meta name=\"description\" content=\"Negociaci\u00f3 convenis col\u00b7lectius\/pactes d&#039;empresa. Expedients regulaci\u00f3 docupaci\u00f3 (ERE). Mobilitats\/trasllats col\u00b7lectius. Prevenci\u00f3 de riscos laborals.\" \/>\n<meta name=\"robots\" content=\"index, follow, max-snippet:-1, max-image-preview:large, max-video-preview:-1\" \/>\n<link rel=\"canonical\" href=\"https:\/\/www.csladvocats.com\/ca\/relacions-collectives-de-treball\/\" \/>\n<meta property=\"og:locale\" content=\"ca_ES\" \/>\n<meta property=\"og:type\" content=\"article\" \/>\n<meta property=\"og:title\" content=\"Rel.col\u00b7lectives de treball-CSL Advocats\u00b7Convenios.Prevenci\u00f3n de riesgos\" \/>\n<meta property=\"og:description\" content=\"Negociaci\u00f3 convenis col\u00b7lectius\/pactes d&#039;empresa. Expedients regulaci\u00f3 docupaci\u00f3 (ERE). Mobilitats\/trasllats col\u00b7lectius. Prevenci\u00f3 de riscos laborals.\" \/>\n<meta property=\"og:url\" content=\"https:\/\/www.csladvocats.com\/ca\/relacions-collectives-de-treball\/\" \/>\n<meta property=\"og:site_name\" content=\"CSL Advocats\" \/>\n<meta property=\"article:modified_time\" content=\"2023-06-06T14:50:03+00:00\" \/>\n<meta name=\"twitter:card\" content=\"summary_large_image\" \/>\n<meta name=\"twitter:label1\" content=\"Temps estimat de lectura\" \/>\n\t<meta name=\"twitter:data1\" content=\"2 minuts\" \/>\n<script type=\"application\/ld+json\" class=\"yoast-schema-graph\">{\"@context\":\"https:\/\/schema.org\",\"@graph\":[{\"@type\":\"WebPage\",\"@id\":\"https:\/\/www.csladvocats.com\/ca\/relacions-collectives-de-treball\/\",\"url\":\"https:\/\/www.csladvocats.com\/ca\/relacions-collectives-de-treball\/\",\"name\":\"Rel.col\u00b7lectives de treball-CSL Advocats\u00b7Convenios.Prevenci\u00f3n de riesgos\",\"isPartOf\":{\"@id\":\"https:\/\/www.csladvocats.com\/#website\"},\"datePublished\":\"2016-07-19T10:27:25+00:00\",\"dateModified\":\"2023-06-06T14:50:03+00:00\",\"description\":\"Negociaci\u00f3 convenis col\u00b7lectius\/pactes d'empresa. Expedients regulaci\u00f3 docupaci\u00f3 (ERE). Mobilitats\/trasllats col\u00b7lectius. Prevenci\u00f3 de riscos laborals.\",\"breadcrumb\":{\"@id\":\"https:\/\/www.csladvocats.com\/ca\/relacions-collectives-de-treball\/#breadcrumb\"},\"inLanguage\":\"ca\",\"potentialAction\":[{\"@type\":\"ReadAction\",\"target\":[\"https:\/\/www.csladvocats.com\/ca\/relacions-collectives-de-treball\/\"]}]},{\"@type\":\"BreadcrumbList\",\"@id\":\"https:\/\/www.csladvocats.com\/ca\/relacions-collectives-de-treball\/#breadcrumb\",\"itemListElement\":[{\"@type\":\"ListItem\",\"position\":1,\"name\":\"Portada\",\"item\":\"https:\/\/www.csladvocats.com\/ca\/inicio\/\"},{\"@type\":\"ListItem\",\"position\":2,\"name\":\"Relacions col\u00b7lectives de treball\"}]},{\"@type\":\"WebSite\",\"@id\":\"https:\/\/www.csladvocats.com\/#website\",\"url\":\"https:\/\/www.csladvocats.com\/\",\"name\":\"CSL Advocats\",\"description\":\"Advocats Barcelona\",\"publisher\":{\"@id\":\"https:\/\/www.csladvocats.com\/#organization\"},\"alternateName\":\"Abogados en Barcelona\",\"potentialAction\":[{\"@type\":\"SearchAction\",\"target\":{\"@type\":\"EntryPoint\",\"urlTemplate\":\"https:\/\/www.csladvocats.com\/?s={search_term_string}\"},\"query-input\":{\"@type\":\"PropertyValueSpecification\",\"valueRequired\":true,\"valueName\":\"search_term_string\"}}],\"inLanguage\":\"ca\"},{\"@type\":\"Organization\",\"@id\":\"https:\/\/www.csladvocats.com\/#organization\",\"name\":\"CSL Advocats\",\"url\":\"https:\/\/www.csladvocats.com\/\",\"logo\":{\"@type\":\"ImageObject\",\"inLanguage\":\"ca\",\"@id\":\"https:\/\/www.csladvocats.com\/#\/schema\/logo\/image\/\",\"url\":\"https:\/\/www.csladvocats.com\/wp-content\/uploads\/2016\/07\/csl-logo-ok-1.jpg\",\"contentUrl\":\"https:\/\/www.csladvocats.com\/wp-content\/uploads\/2016\/07\/csl-logo-ok-1.jpg\",\"width\":300,\"height\":300,\"caption\":\"CSL Advocats\"},\"image\":{\"@id\":\"https:\/\/www.csladvocats.com\/#\/schema\/logo\/image\/\"}}]}<\/script>\n<!-- \/ Yoast SEO plugin. -->","yoast_head_json":{"title":"Rel.col\u00b7lectives de treball-CSL Advocats\u00b7Convenios.Prevenci\u00f3n de riesgos","description":"Negociaci\u00f3 convenis col\u00b7lectius\/pactes d'empresa. Expedients regulaci\u00f3 docupaci\u00f3 (ERE). Mobilitats\/trasllats col\u00b7lectius. Prevenci\u00f3 de riscos laborals.","robots":{"index":"index","follow":"follow","max-snippet":"max-snippet:-1","max-image-preview":"max-image-preview:large","max-video-preview":"max-video-preview:-1"},"canonical":"https:\/\/www.csladvocats.com\/ca\/relacions-collectives-de-treball\/","og_locale":"ca_ES","og_type":"article","og_title":"Rel.col\u00b7lectives de treball-CSL Advocats\u00b7Convenios.Prevenci\u00f3n de riesgos","og_description":"Negociaci\u00f3 convenis col\u00b7lectius\/pactes d'empresa. Expedients regulaci\u00f3 docupaci\u00f3 (ERE). Mobilitats\/trasllats col\u00b7lectius. Prevenci\u00f3 de riscos laborals.","og_url":"https:\/\/www.csladvocats.com\/ca\/relacions-collectives-de-treball\/","og_site_name":"CSL Advocats","article_modified_time":"2023-06-06T14:50:03+00:00","twitter_card":"summary_large_image","twitter_misc":{"Temps estimat de lectura":"2 minuts"},"schema":{"@context":"https:\/\/schema.org","@graph":[{"@type":"WebPage","@id":"https:\/\/www.csladvocats.com\/ca\/relacions-collectives-de-treball\/","url":"https:\/\/www.csladvocats.com\/ca\/relacions-collectives-de-treball\/","name":"Rel.col\u00b7lectives de treball-CSL Advocats\u00b7Convenios.Prevenci\u00f3n de riesgos","isPartOf":{"@id":"https:\/\/www.csladvocats.com\/#website"},"datePublished":"2016-07-19T10:27:25+00:00","dateModified":"2023-06-06T14:50:03+00:00","description":"Negociaci\u00f3 convenis col\u00b7lectius\/pactes d'empresa. Expedients regulaci\u00f3 docupaci\u00f3 (ERE). Mobilitats\/trasllats col\u00b7lectius. Prevenci\u00f3 de riscos laborals.","breadcrumb":{"@id":"https:\/\/www.csladvocats.com\/ca\/relacions-collectives-de-treball\/#breadcrumb"},"inLanguage":"ca","potentialAction":[{"@type":"ReadAction","target":["https:\/\/www.csladvocats.com\/ca\/relacions-collectives-de-treball\/"]}]},{"@type":"BreadcrumbList","@id":"https:\/\/www.csladvocats.com\/ca\/relacions-collectives-de-treball\/#breadcrumb","itemListElement":[{"@type":"ListItem","position":1,"name":"Portada","item":"https:\/\/www.csladvocats.com\/ca\/inicio\/"},{"@type":"ListItem","position":2,"name":"Relacions col\u00b7lectives de treball"}]},{"@type":"WebSite","@id":"https:\/\/www.csladvocats.com\/#website","url":"https:\/\/www.csladvocats.com\/","name":"CSL Advocats","description":"Advocats Barcelona","publisher":{"@id":"https:\/\/www.csladvocats.com\/#organization"},"alternateName":"Abogados en Barcelona","potentialAction":[{"@type":"SearchAction","target":{"@type":"EntryPoint","urlTemplate":"https:\/\/www.csladvocats.com\/?s={search_term_string}"},"query-input":{"@type":"PropertyValueSpecification","valueRequired":true,"valueName":"search_term_string"}}],"inLanguage":"ca"},{"@type":"Organization","@id":"https:\/\/www.csladvocats.com\/#organization","name":"CSL Advocats","url":"https:\/\/www.csladvocats.com\/","logo":{"@type":"ImageObject","inLanguage":"ca","@id":"https:\/\/www.csladvocats.com\/#\/schema\/logo\/image\/","url":"https:\/\/www.csladvocats.com\/wp-content\/uploads\/2016\/07\/csl-logo-ok-1.jpg","contentUrl":"https:\/\/www.csladvocats.com\/wp-content\/uploads\/2016\/07\/csl-logo-ok-1.jpg","width":300,"height":300,"caption":"CSL Advocats"},"image":{"@id":"https:\/\/www.csladvocats.com\/#\/schema\/logo\/image\/"}}]}},"_links":{"self":[{"href":"https:\/\/www.csladvocats.com\/ca\/wp-json\/wp\/v2\/pages\/1136","targetHints":{"allow":["GET"]}}],"collection":[{"href":"https:\/\/www.csladvocats.com\/ca\/wp-json\/wp\/v2\/pages"}],"about":[{"href":"https:\/\/www.csladvocats.com\/ca\/wp-json\/wp\/v2\/types\/page"}],"author":[{"embeddable":true,"href":"https:\/\/www.csladvocats.com\/ca\/wp-json\/wp\/v2\/users\/3"}],"replies":[{"embeddable":true,"href":"https:\/\/www.csladvocats.com\/ca\/wp-json\/wp\/v2\/comments?post=1136"}],"version-history":[{"count":4,"href":"https:\/\/www.csladvocats.com\/ca\/wp-json\/wp\/v2\/pages\/1136\/revisions"}],"predecessor-version":[{"id":1337,"href":"https:\/\/www.csladvocats.com\/ca\/wp-json\/wp\/v2\/pages\/1136\/revisions\/1337"}],"wp:attachment":[{"href":"https:\/\/www.csladvocats.com\/ca\/wp-json\/wp\/v2\/media?parent=1136"}],"curies":[{"name":"wp","href":"https:\/\/api.w.org\/{rel}","templated":true}]}}