{"id":1126,"date":"2016-07-19T10:02:55","date_gmt":"2016-07-19T10:02:55","guid":{"rendered":"http:\/\/www.csladvocats.com\/ca\/area-practica-sectores-de-actuacion\/"},"modified":"2023-06-06T14:34:51","modified_gmt":"2023-06-06T14:34:51","slug":"area-practica-sectores-de-actuacion","status":"publish","type":"page","link":"https:\/\/www.csladvocats.com\/ca\/area-practica-sectores-de-actuacion\/","title":{"rendered":"\u00c0rees de pr\u00e0ctica"},"content":{"rendered":"<p>[et_pb_section fb_built=&#8221;1&#8243; custom_padding_last_edited=&#8221;on|desktop&#8221; admin_label=&#8221;Secci\u00f3n&#8221; _builder_version=&#8221;3.22&#8243; background_color=&#8221;#42565f&#8221; custom_padding_tablet=&#8221;50px|0|50px|0&#8243; transparent_background=&#8221;off&#8221; padding_mobile=&#8221;off&#8221; make_fullwidth=&#8221;off&#8221; use_custom_width=&#8221;off&#8221; width_unit=&#8221;on&#8221;][et_pb_row padding_mobile=&#8221;off&#8221; column_padding_mobile=&#8221;on&#8221; admin_label=&#8221;Fila&#8221; module_class=&#8221; et_pb_row_fullwidth&#8221; _builder_version=&#8221;3.25&#8243; background_size=&#8221;initial&#8221; background_position=&#8221;top_left&#8221; background_repeat=&#8221;repeat&#8221; width=&#8221;86%&#8221; width_tablet=&#8221;80%&#8221; width_last_edited=&#8221;on|desktop&#8221; max_width=&#8221;86%&#8221; max_width_tablet=&#8221;80%&#8221; max_width_last_edited=&#8221;on|desktop&#8221; make_fullwidth=&#8221;on&#8221; use_custom_width=&#8221;off&#8221; width_unit=&#8221;on&#8221;][et_pb_column type=&#8221;4_4&#8243; _builder_version=&#8221;3.25&#8243; custom_padding=&#8221;|||&#8221; custom_padding__hover=&#8221;|||&#8221;][et_pb_text admin_label=&#8221;Texto&#8221; _builder_version=&#8221;3.27.4&#8243; background_color=&#8221;rgba(255,255,255,0)&#8221; background_size=&#8221;initial&#8221; background_position=&#8221;top_left&#8221; background_repeat=&#8221;repeat&#8221; background_layout=&#8221;dark&#8221; use_border_color=&#8221;off&#8221; border_color=&#8221;#ffffff&#8221; border_style=&#8221;solid&#8221;]<\/p>\n<p style=\"text-align: center;\"><strong>\u00c0REA PR\u00c0CTICA \/ SECTORS D&#8217;ACTUACI\u00d3<\/strong><\/p>\n<p>[\/et_pb_text][\/et_pb_column][\/et_pb_row][\/et_pb_section][et_pb_section fb_built=&#8221;1&#8243; admin_label=&#8221;Secci\u00f3n&#8221; _builder_version=&#8221;3.22&#8243;][et_pb_row admin_label=&#8221;Fila&#8221; _builder_version=&#8221;3.25&#8243; background_size=&#8221;initial&#8221; background_position=&#8221;top_left&#8221; background_repeat=&#8221;repeat&#8221;][et_pb_column type=&#8221;4_4&#8243; _builder_version=&#8221;3.25&#8243; custom_padding=&#8221;|||&#8221; custom_padding__hover=&#8221;|||&#8221;][et_pb_divider show_divider=&#8221;off&#8221; disabled_on=&#8221;on|on|off&#8221; admin_label=&#8221;Separador&#8221; _builder_version=&#8221;3.23.4&#8243; height=&#8221;10px&#8221; hide_on_mobile=&#8221;on&#8221;] [\/et_pb_divider][\/et_pb_column][\/et_pb_row][\/et_pb_section][et_pb_section fb_built=&#8221;1&#8243; admin_label=&#8221;Secci\u00f3n&#8221; _builder_version=&#8221;3.22&#8243;][et_pb_row padding_mobile=&#8221;off&#8221; make_equal=&#8221;on&#8221; column_padding_mobile=&#8221;on&#8221; admin_label=&#8221;Fila&#8221; module_class=&#8221; et_pb_row_fullwidth&#8221; _builder_version=&#8221;3.25&#8243; background_size=&#8221;initial&#8221; background_position=&#8221;top_left&#8221; background_repeat=&#8221;repeat&#8221; width=&#8221;86%&#8221; width_tablet=&#8221;80%&#8221; width_last_edited=&#8221;on|desktop&#8221; max_width=&#8221;86%&#8221; max_width_tablet=&#8221;80%&#8221; max_width_last_edited=&#8221;on|desktop&#8221; make_fullwidth=&#8221;on&#8221; use_custom_width=&#8221;off&#8221; width_unit=&#8221;on&#8221; column_structure=&#8221;1_3,1_3,1_3&#8243;][et_pb_column type=&#8221;1_3&#8243; _builder_version=&#8221;3.25&#8243; custom_padding=&#8221;|||&#8221; hover_enabled=&#8221;0&#8243; custom_padding__hover=&#8221;|||&#8221; sticky_enabled=&#8221;0&#8243;][et_pb_slider show_arrows=&#8221;off&#8221; show_pagination=&#8221;off&#8221; admin_label=&#8221;Deslizador&#8221; _builder_version=&#8221;4.9.10&#8243; custom_padding=&#8221;|||&#8221; custom_padding_tablet=&#8221;|||&#8221; custom_padding_phone=&#8221;|||&#8221; hover_enabled=&#8221;0&#8243; box_shadow_style=&#8221;preset6&#8243; box_shadow_blur=&#8221;10px&#8221; box_shadow_color=&#8221;rgba(0,0,0,0.1)&#8221; remove_inner_shadow=&#8221;off&#8221; hide_content_on_mobile=&#8221;off&#8221; hide_cta_on_mobile=&#8221;off&#8221; show_inner_shadow=&#8221;on&#8221; button_letter_spacing_hover=&#8221;0&#8243; button_text_size__hover_enabled=&#8221;off&#8221; button_one_text_size__hover_enabled=&#8221;off&#8221; button_two_text_size__hover_enabled=&#8221;off&#8221; button_text_color__hover_enabled=&#8221;off&#8221; button_one_text_color__hover_enabled=&#8221;off&#8221; button_two_text_color__hover_enabled=&#8221;off&#8221; button_border_width__hover_enabled=&#8221;off&#8221; button_one_border_width__hover_enabled=&#8221;off&#8221; button_two_border_width__hover_enabled=&#8221;off&#8221; button_border_color__hover_enabled=&#8221;off&#8221; button_one_border_color__hover_enabled=&#8221;off&#8221; button_two_border_color__hover_enabled=&#8221;off&#8221; button_border_radius__hover_enabled=&#8221;off&#8221; button_one_border_radius__hover_enabled=&#8221;off&#8221; button_two_border_radius__hover_enabled=&#8221;off&#8221; button_letter_spacing__hover_enabled=&#8221;on&#8221; button_letter_spacing__hover=&#8221;0&#8243; button_one_letter_spacing__hover_enabled=&#8221;off&#8221; button_two_letter_spacing__hover_enabled=&#8221;off&#8221; button_bg_color__hover_enabled=&#8221;off&#8221; button_one_bg_color__hover_enabled=&#8221;off&#8221; button_two_bg_color__hover_enabled=&#8221;off&#8221; sticky_enabled=&#8221;0&#8243;][et_pb_slide heading=&#8221;Relacions individuals de treball&#8221; button_link=&#8221;https:\/\/www.csladvocats.com\/ca\/relacions-individuals-de-treball\/&#8221; use_bg_overlay=&#8221;off&#8221; use_text_overlay=&#8221;on&#8221; _builder_version=&#8221;4.9.10&#8243; header_font=&#8221;Lato|on|||&#8221; body_font=&#8221;||||&#8221; background_color=&#8221;#ffffff&#8221; background_image=&#8221;https:\/\/www.csladvocats.com\/wp-content\/uploads\/2011\/11\/pasillo3.jpg&#8221; button_icon_placement=&#8221;right&#8221; button_on_hover=&#8221;on&#8221; hover_enabled=&#8221;0&#8243; sticky_transition=&#8221;on&#8221; button_text_size__hover_enabled=&#8221;off&#8221; button_one_text_size__hover_enabled=&#8221;off&#8221; button_two_text_size__hover_enabled=&#8221;off&#8221; button_text_color__hover_enabled=&#8221;off&#8221; button_one_text_color__hover_enabled=&#8221;off&#8221; button_two_text_color__hover_enabled=&#8221;off&#8221; button_border_width__hover_enabled=&#8221;off&#8221; button_one_border_width__hover_enabled=&#8221;off&#8221; button_two_border_width__hover_enabled=&#8221;off&#8221; button_border_color__hover_enabled=&#8221;off&#8221; button_one_border_color__hover_enabled=&#8221;off&#8221; button_two_border_color__hover_enabled=&#8221;off&#8221; button_border_radius__hover_enabled=&#8221;off&#8221; button_one_border_radius__hover_enabled=&#8221;off&#8221; button_two_border_radius__hover_enabled=&#8221;off&#8221; button_letter_spacing__hover_enabled=&#8221;off&#8221; button_one_letter_spacing__hover_enabled=&#8221;off&#8221; button_two_letter_spacing__hover_enabled=&#8221;off&#8221; button_bg_color__hover_enabled=&#8221;off&#8221; button_one_bg_color__hover_enabled=&#8221;off&#8221; button_two_bg_color__hover_enabled=&#8221;off&#8221; title_text=&#8221;pasillo3&#8243; background_enable_image=&#8221;on&#8221; sticky_enabled=&#8221;0&#8243;][\/et_pb_slide][\/et_pb_slider][\/et_pb_column][et_pb_column type=&#8221;1_3&#8243; _builder_version=&#8221;3.25&#8243; custom_padding=&#8221;|||&#8221; custom_padding__hover=&#8221;|||&#8221;][et_pb_slider show_arrows=&#8221;off&#8221; show_pagination=&#8221;off&#8221; admin_label=&#8221;Deslizador&#8221; _builder_version=&#8221;3.16&#8243; custom_padding=&#8221;|||&#8221; custom_padding_tablet=&#8221;|||&#8221; custom_padding_phone=&#8221;|||&#8221; box_shadow_style=&#8221;preset6&#8243; box_shadow_blur=&#8221;10px&#8221; box_shadow_color=&#8221;rgba(0,0,0,0.1)&#8221; remove_inner_shadow=&#8221;off&#8221; hide_content_on_mobile=&#8221;off&#8221; hide_cta_on_mobile=&#8221;off&#8221; show_inner_shadow=&#8221;on&#8221; button_letter_spacing_hover=&#8221;0&#8243; button_text_size__hover_enabled=&#8221;off&#8221; button_one_text_size__hover_enabled=&#8221;off&#8221; button_two_text_size__hover_enabled=&#8221;off&#8221; button_text_color__hover_enabled=&#8221;off&#8221; button_one_text_color__hover_enabled=&#8221;off&#8221; button_two_text_color__hover_enabled=&#8221;off&#8221; button_border_width__hover_enabled=&#8221;off&#8221; button_one_border_width__hover_enabled=&#8221;off&#8221; button_two_border_width__hover_enabled=&#8221;off&#8221; button_border_color__hover_enabled=&#8221;off&#8221; button_one_border_color__hover_enabled=&#8221;off&#8221; button_two_border_color__hover_enabled=&#8221;off&#8221; button_border_radius__hover_enabled=&#8221;off&#8221; button_one_border_radius__hover_enabled=&#8221;off&#8221; button_two_border_radius__hover_enabled=&#8221;off&#8221; button_letter_spacing__hover_enabled=&#8221;on&#8221; button_letter_spacing__hover=&#8221;0&#8243; button_one_letter_spacing__hover_enabled=&#8221;off&#8221; button_two_letter_spacing__hover_enabled=&#8221;off&#8221; button_bg_color__hover_enabled=&#8221;off&#8221; button_one_bg_color__hover_enabled=&#8221;off&#8221; button_two_bg_color__hover_enabled=&#8221;off&#8221;][et_pb_slide heading=&#8221;Relacions col\u00b7lectives de treball&#8221; button_link=&#8221;https:\/\/www.csladvocats.com\/ca\/relacions-collectives-de-treball\/&#8221; use_bg_overlay=&#8221;off&#8221; use_text_overlay=&#8221;on&#8221; _builder_version=&#8221;3.16&#8243; header_font=&#8221;Lato|on|||&#8221; body_font=&#8221;||||&#8221; background_color=&#8221;#ffffff&#8221; background_image=&#8221;https:\/\/www.csladvocats.com\/wp-content\/uploads\/2016\/07\/abogados2-4.jpg&#8221; button_icon_placement=&#8221;right&#8221; button_on_hover=&#8221;on&#8221; sticky_transition=&#8221;on&#8221; button_text_size__hover_enabled=&#8221;off&#8221; button_one_text_size__hover_enabled=&#8221;off&#8221; button_two_text_size__hover_enabled=&#8221;off&#8221; button_text_color__hover_enabled=&#8221;off&#8221; button_one_text_color__hover_enabled=&#8221;off&#8221; button_two_text_color__hover_enabled=&#8221;off&#8221; button_border_width__hover_enabled=&#8221;off&#8221; button_one_border_width__hover_enabled=&#8221;off&#8221; button_two_border_width__hover_enabled=&#8221;off&#8221; button_border_color__hover_enabled=&#8221;off&#8221; button_one_border_color__hover_enabled=&#8221;off&#8221; button_two_border_color__hover_enabled=&#8221;off&#8221; button_border_radius__hover_enabled=&#8221;off&#8221; button_one_border_radius__hover_enabled=&#8221;off&#8221; button_two_border_radius__hover_enabled=&#8221;off&#8221; button_letter_spacing__hover_enabled=&#8221;off&#8221; button_one_letter_spacing__hover_enabled=&#8221;off&#8221; button_two_letter_spacing__hover_enabled=&#8221;off&#8221; button_bg_color__hover_enabled=&#8221;off&#8221; button_one_bg_color__hover_enabled=&#8221;off&#8221; button_two_bg_color__hover_enabled=&#8221;off&#8221;] [\/et_pb_slide][\/et_pb_slider][\/et_pb_column][et_pb_column type=&#8221;1_3&#8243; _builder_version=&#8221;3.25&#8243; custom_padding=&#8221;|||&#8221; custom_padding__hover=&#8221;|||&#8221;][et_pb_slider show_arrows=&#8221;off&#8221; show_pagination=&#8221;off&#8221; admin_label=&#8221;Deslizador&#8221; _builder_version=&#8221;3.16&#8243; custom_padding=&#8221;|||&#8221; custom_padding_tablet=&#8221;|||&#8221; custom_padding_phone=&#8221;|||&#8221; box_shadow_style=&#8221;preset6&#8243; box_shadow_blur=&#8221;10px&#8221; box_shadow_color=&#8221;rgba(0,0,0,0.1)&#8221; remove_inner_shadow=&#8221;off&#8221; hide_content_on_mobile=&#8221;off&#8221; hide_cta_on_mobile=&#8221;off&#8221; show_inner_shadow=&#8221;on&#8221; button_letter_spacing_hover=&#8221;0&#8243; button_text_size__hover_enabled=&#8221;off&#8221; button_one_text_size__hover_enabled=&#8221;off&#8221; button_two_text_size__hover_enabled=&#8221;off&#8221; button_text_color__hover_enabled=&#8221;off&#8221; button_one_text_color__hover_enabled=&#8221;off&#8221; button_two_text_color__hover_enabled=&#8221;off&#8221; button_border_width__hover_enabled=&#8221;off&#8221; button_one_border_width__hover_enabled=&#8221;off&#8221; button_two_border_width__hover_enabled=&#8221;off&#8221; button_border_color__hover_enabled=&#8221;off&#8221; button_one_border_color__hover_enabled=&#8221;off&#8221; button_two_border_color__hover_enabled=&#8221;off&#8221; button_border_radius__hover_enabled=&#8221;off&#8221; button_one_border_radius__hover_enabled=&#8221;off&#8221; button_two_border_radius__hover_enabled=&#8221;off&#8221; button_letter_spacing__hover_enabled=&#8221;on&#8221; button_letter_spacing__hover=&#8221;0&#8243; button_one_letter_spacing__hover_enabled=&#8221;off&#8221; button_two_letter_spacing__hover_enabled=&#8221;off&#8221; button_bg_color__hover_enabled=&#8221;off&#8221; button_one_bg_color__hover_enabled=&#8221;off&#8221; button_two_bg_color__hover_enabled=&#8221;off&#8221;][et_pb_slide heading=&#8221;Pr\u00e0ctica processal&#8221; button_link=&#8221;https:\/\/www.csladvocats.com\/ca\/practica-processal\/&#8221; use_bg_overlay=&#8221;off&#8221; use_text_overlay=&#8221;on&#8221; _builder_version=&#8221;3.16&#8243; header_font=&#8221;Lato|on|||&#8221; body_font=&#8221;||||&#8221; background_color=&#8221;#ffffff&#8221; background_image=&#8221;https:\/\/www.csladvocats.com\/wp-content\/uploads\/2016\/07\/DSC_1485-1.jpg&#8221; button_icon_placement=&#8221;right&#8221; button_on_hover=&#8221;on&#8221; sticky_transition=&#8221;on&#8221; button_text_size__hover_enabled=&#8221;off&#8221; button_one_text_size__hover_enabled=&#8221;off&#8221; button_two_text_size__hover_enabled=&#8221;off&#8221; button_text_color__hover_enabled=&#8221;off&#8221; button_one_text_color__hover_enabled=&#8221;off&#8221; button_two_text_color__hover_enabled=&#8221;off&#8221; button_border_width__hover_enabled=&#8221;off&#8221; button_one_border_width__hover_enabled=&#8221;off&#8221; button_two_border_width__hover_enabled=&#8221;off&#8221; button_border_color__hover_enabled=&#8221;off&#8221; button_one_border_color__hover_enabled=&#8221;off&#8221; button_two_border_color__hover_enabled=&#8221;off&#8221; button_border_radius__hover_enabled=&#8221;off&#8221; button_one_border_radius__hover_enabled=&#8221;off&#8221; button_two_border_radius__hover_enabled=&#8221;off&#8221; button_letter_spacing__hover_enabled=&#8221;off&#8221; button_one_letter_spacing__hover_enabled=&#8221;off&#8221; button_two_letter_spacing__hover_enabled=&#8221;off&#8221; button_bg_color__hover_enabled=&#8221;off&#8221; button_one_bg_color__hover_enabled=&#8221;off&#8221; button_two_bg_color__hover_enabled=&#8221;off&#8221;] [\/et_pb_slide][\/et_pb_slider][\/et_pb_column][\/et_pb_row][\/et_pb_section]<\/p>\n","protected":false},"excerpt":{"rendered":"<p>\u00c0REA PR\u00c0CTICA \/ SECTORS D&#8217;ACTUACI\u00d3<\/p>\n","protected":false},"author":3,"featured_media":0,"parent":0,"menu_order":0,"comment_status":"closed","ping_status":"closed","template":"","meta":{"_et_pb_use_builder":"on","_et_pb_old_content":"","_et_gb_content_width":"","footnotes":""},"class_list":["post-1126","page","type-page","status-publish","hentry"],"yoast_head":"<!-- This site is optimized with the Yoast SEO plugin v27.2 - https:\/\/yoast.com\/product\/yoast-seo-wordpress\/ -->\n<title>\u00c0rea pr\u00e0ctica \/ Sectors d&#039;actuaci\u00f3 laboral - CSL Advocats<\/title>\n<meta name=\"description\" content=\"Contractaci\u00f3 laboral. Negociacions empresarials. Expedients regulaci\u00f3 ocupaci\u00f3. Acomiadaments objectius, disciplinaris, col\u00b7lectius. Prevenci\u00f3 riscos laborals.\" \/>\n<meta name=\"robots\" content=\"index, follow, max-snippet:-1, max-image-preview:large, max-video-preview:-1\" \/>\n<link rel=\"canonical\" href=\"https:\/\/www.csladvocats.com\/ca\/area-practica-sectores-de-actuacion\/\" \/>\n<meta property=\"og:locale\" content=\"ca_ES\" \/>\n<meta property=\"og:type\" content=\"article\" \/>\n<meta property=\"og:title\" content=\"\u00c0rea pr\u00e0ctica \/ Sectors d&#039;actuaci\u00f3 laboral - CSL Advocats\" \/>\n<meta property=\"og:description\" content=\"Contractaci\u00f3 laboral. Negociacions empresarials. Expedients regulaci\u00f3 ocupaci\u00f3. Acomiadaments objectius, disciplinaris, col\u00b7lectius. Prevenci\u00f3 riscos laborals.\" \/>\n<meta property=\"og:url\" content=\"https:\/\/www.csladvocats.com\/ca\/area-practica-sectores-de-actuacion\/\" \/>\n<meta property=\"og:site_name\" content=\"CSL Advocats\" \/>\n<meta property=\"article:modified_time\" content=\"2023-06-06T14:34:51+00:00\" \/>\n<meta name=\"twitter:card\" content=\"summary_large_image\" \/>\n<meta name=\"twitter:label1\" content=\"Temps estimat de lectura\" \/>\n\t<meta name=\"twitter:data1\" content=\"8 minuts\" \/>\n<script type=\"application\/ld+json\" class=\"yoast-schema-graph\">{\"@context\":\"https:\/\/schema.org\",\"@graph\":[{\"@type\":\"WebPage\",\"@id\":\"https:\/\/www.csladvocats.com\/ca\/area-practica-sectores-de-actuacion\/\",\"url\":\"https:\/\/www.csladvocats.com\/ca\/area-practica-sectores-de-actuacion\/\",\"name\":\"\u00c0rea pr\u00e0ctica \/ Sectors d'actuaci\u00f3 laboral - CSL Advocats\",\"isPartOf\":{\"@id\":\"https:\/\/www.csladvocats.com\/#website\"},\"datePublished\":\"2016-07-19T10:02:55+00:00\",\"dateModified\":\"2023-06-06T14:34:51+00:00\",\"description\":\"Contractaci\u00f3 laboral. Negociacions empresarials. Expedients regulaci\u00f3 ocupaci\u00f3. Acomiadaments objectius, disciplinaris, col\u00b7lectius. Prevenci\u00f3 riscos laborals.\",\"breadcrumb\":{\"@id\":\"https:\/\/www.csladvocats.com\/ca\/area-practica-sectores-de-actuacion\/#breadcrumb\"},\"inLanguage\":\"ca\",\"potentialAction\":[{\"@type\":\"ReadAction\",\"target\":[\"https:\/\/www.csladvocats.com\/ca\/area-practica-sectores-de-actuacion\/\"]}]},{\"@type\":\"BreadcrumbList\",\"@id\":\"https:\/\/www.csladvocats.com\/ca\/area-practica-sectores-de-actuacion\/#breadcrumb\",\"itemListElement\":[{\"@type\":\"ListItem\",\"position\":1,\"name\":\"Portada\",\"item\":\"https:\/\/www.csladvocats.com\/ca\/inicio\/\"},{\"@type\":\"ListItem\",\"position\":2,\"name\":\"\u00c0rees de pr\u00e0ctica\"}]},{\"@type\":\"WebSite\",\"@id\":\"https:\/\/www.csladvocats.com\/#website\",\"url\":\"https:\/\/www.csladvocats.com\/\",\"name\":\"CSL Advocats\",\"description\":\"Advocats Barcelona\",\"publisher\":{\"@id\":\"https:\/\/www.csladvocats.com\/#organization\"},\"alternateName\":\"Abogados en Barcelona\",\"potentialAction\":[{\"@type\":\"SearchAction\",\"target\":{\"@type\":\"EntryPoint\",\"urlTemplate\":\"https:\/\/www.csladvocats.com\/?s={search_term_string}\"},\"query-input\":{\"@type\":\"PropertyValueSpecification\",\"valueRequired\":true,\"valueName\":\"search_term_string\"}}],\"inLanguage\":\"ca\"},{\"@type\":\"Organization\",\"@id\":\"https:\/\/www.csladvocats.com\/#organization\",\"name\":\"CSL Advocats\",\"url\":\"https:\/\/www.csladvocats.com\/\",\"logo\":{\"@type\":\"ImageObject\",\"inLanguage\":\"ca\",\"@id\":\"https:\/\/www.csladvocats.com\/#\/schema\/logo\/image\/\",\"url\":\"https:\/\/www.csladvocats.com\/wp-content\/uploads\/2016\/07\/csl-logo-ok-1.jpg\",\"contentUrl\":\"https:\/\/www.csladvocats.com\/wp-content\/uploads\/2016\/07\/csl-logo-ok-1.jpg\",\"width\":300,\"height\":300,\"caption\":\"CSL Advocats\"},\"image\":{\"@id\":\"https:\/\/www.csladvocats.com\/#\/schema\/logo\/image\/\"}}]}<\/script>\n<!-- \/ Yoast SEO plugin. -->","yoast_head_json":{"title":"\u00c0rea pr\u00e0ctica \/ Sectors d'actuaci\u00f3 laboral - CSL Advocats","description":"Contractaci\u00f3 laboral. Negociacions empresarials. Expedients regulaci\u00f3 ocupaci\u00f3. Acomiadaments objectius, disciplinaris, col\u00b7lectius. Prevenci\u00f3 riscos laborals.","robots":{"index":"index","follow":"follow","max-snippet":"max-snippet:-1","max-image-preview":"max-image-preview:large","max-video-preview":"max-video-preview:-1"},"canonical":"https:\/\/www.csladvocats.com\/ca\/area-practica-sectores-de-actuacion\/","og_locale":"ca_ES","og_type":"article","og_title":"\u00c0rea pr\u00e0ctica \/ Sectors d'actuaci\u00f3 laboral - CSL Advocats","og_description":"Contractaci\u00f3 laboral. Negociacions empresarials. Expedients regulaci\u00f3 ocupaci\u00f3. Acomiadaments objectius, disciplinaris, col\u00b7lectius. Prevenci\u00f3 riscos laborals.","og_url":"https:\/\/www.csladvocats.com\/ca\/area-practica-sectores-de-actuacion\/","og_site_name":"CSL Advocats","article_modified_time":"2023-06-06T14:34:51+00:00","twitter_card":"summary_large_image","twitter_misc":{"Temps estimat de lectura":"8 minuts"},"schema":{"@context":"https:\/\/schema.org","@graph":[{"@type":"WebPage","@id":"https:\/\/www.csladvocats.com\/ca\/area-practica-sectores-de-actuacion\/","url":"https:\/\/www.csladvocats.com\/ca\/area-practica-sectores-de-actuacion\/","name":"\u00c0rea pr\u00e0ctica \/ Sectors d'actuaci\u00f3 laboral - CSL Advocats","isPartOf":{"@id":"https:\/\/www.csladvocats.com\/#website"},"datePublished":"2016-07-19T10:02:55+00:00","dateModified":"2023-06-06T14:34:51+00:00","description":"Contractaci\u00f3 laboral. Negociacions empresarials. Expedients regulaci\u00f3 ocupaci\u00f3. Acomiadaments objectius, disciplinaris, col\u00b7lectius. Prevenci\u00f3 riscos laborals.","breadcrumb":{"@id":"https:\/\/www.csladvocats.com\/ca\/area-practica-sectores-de-actuacion\/#breadcrumb"},"inLanguage":"ca","potentialAction":[{"@type":"ReadAction","target":["https:\/\/www.csladvocats.com\/ca\/area-practica-sectores-de-actuacion\/"]}]},{"@type":"BreadcrumbList","@id":"https:\/\/www.csladvocats.com\/ca\/area-practica-sectores-de-actuacion\/#breadcrumb","itemListElement":[{"@type":"ListItem","position":1,"name":"Portada","item":"https:\/\/www.csladvocats.com\/ca\/inicio\/"},{"@type":"ListItem","position":2,"name":"\u00c0rees de pr\u00e0ctica"}]},{"@type":"WebSite","@id":"https:\/\/www.csladvocats.com\/#website","url":"https:\/\/www.csladvocats.com\/","name":"CSL Advocats","description":"Advocats Barcelona","publisher":{"@id":"https:\/\/www.csladvocats.com\/#organization"},"alternateName":"Abogados en Barcelona","potentialAction":[{"@type":"SearchAction","target":{"@type":"EntryPoint","urlTemplate":"https:\/\/www.csladvocats.com\/?s={search_term_string}"},"query-input":{"@type":"PropertyValueSpecification","valueRequired":true,"valueName":"search_term_string"}}],"inLanguage":"ca"},{"@type":"Organization","@id":"https:\/\/www.csladvocats.com\/#organization","name":"CSL Advocats","url":"https:\/\/www.csladvocats.com\/","logo":{"@type":"ImageObject","inLanguage":"ca","@id":"https:\/\/www.csladvocats.com\/#\/schema\/logo\/image\/","url":"https:\/\/www.csladvocats.com\/wp-content\/uploads\/2016\/07\/csl-logo-ok-1.jpg","contentUrl":"https:\/\/www.csladvocats.com\/wp-content\/uploads\/2016\/07\/csl-logo-ok-1.jpg","width":300,"height":300,"caption":"CSL Advocats"},"image":{"@id":"https:\/\/www.csladvocats.com\/#\/schema\/logo\/image\/"}}]}},"_links":{"self":[{"href":"https:\/\/www.csladvocats.com\/ca\/wp-json\/wp\/v2\/pages\/1126","targetHints":{"allow":["GET"]}}],"collection":[{"href":"https:\/\/www.csladvocats.com\/ca\/wp-json\/wp\/v2\/pages"}],"about":[{"href":"https:\/\/www.csladvocats.com\/ca\/wp-json\/wp\/v2\/types\/page"}],"author":[{"embeddable":true,"href":"https:\/\/www.csladvocats.com\/ca\/wp-json\/wp\/v2\/users\/3"}],"replies":[{"embeddable":true,"href":"https:\/\/www.csladvocats.com\/ca\/wp-json\/wp\/v2\/comments?post=1126"}],"version-history":[{"count":5,"href":"https:\/\/www.csladvocats.com\/ca\/wp-json\/wp\/v2\/pages\/1126\/revisions"}],"predecessor-version":[{"id":1311,"href":"https:\/\/www.csladvocats.com\/ca\/wp-json\/wp\/v2\/pages\/1126\/revisions\/1311"}],"wp:attachment":[{"href":"https:\/\/www.csladvocats.com\/ca\/wp-json\/wp\/v2\/media?parent=1126"}],"curies":[{"name":"wp","href":"https:\/\/api.w.org\/{rel}","templated":true}]}}