{"id":1123,"date":"2016-07-22T08:33:04","date_gmt":"2016-07-22T08:33:04","guid":{"rendered":"http:\/\/www.csladvocats.com\/ca\/abogados\/"},"modified":"2023-06-06T14:40:13","modified_gmt":"2023-06-06T14:40:13","slug":"advocats","status":"publish","type":"page","link":"https:\/\/www.csladvocats.com\/ca\/advocats\/","title":{"rendered":"Advocats"},"content":{"rendered":"<p>[et_pb_section fb_built=&#8221;1&#8243; custom_padding_last_edited=&#8221;on|desktop&#8221; admin_label=&#8221;Secci\u00f3n&#8221; _builder_version=&#8221;3.22&#8243; background_color=&#8221;#42565f&#8221; custom_padding_tablet=&#8221;50px|0|50px|0&#8243; custom_padding_phone=&#8221;&#8221; transparent_background=&#8221;off&#8221; padding_mobile=&#8221;off&#8221; make_fullwidth=&#8221;off&#8221; use_custom_width=&#8221;off&#8221; width_unit=&#8221;on&#8221;][et_pb_row padding_mobile=&#8221;off&#8221; column_padding_mobile=&#8221;on&#8221; admin_label=&#8221;Fila&#8221; _builder_version=&#8221;3.25&#8243; background_size=&#8221;initial&#8221; background_position=&#8221;top_left&#8221; background_repeat=&#8221;repeat&#8221; make_fullwidth=&#8221;off&#8221; use_custom_width=&#8221;off&#8221; width_unit=&#8221;on&#8221;][et_pb_column type=&#8221;4_4&#8243; _builder_version=&#8221;3.25&#8243; custom_padding=&#8221;|||&#8221; custom_padding__hover=&#8221;|||&#8221;][et_pb_text admin_label=&#8221;Texto&#8221; _builder_version=&#8221;3.27.4&#8243; background_color=&#8221;rgba(255,255,255,0)&#8221; background_size=&#8221;initial&#8221; background_position=&#8221;top_left&#8221; background_repeat=&#8221;repeat&#8221; background_layout=&#8221;dark&#8221; use_border_color=&#8221;off&#8221; border_color=&#8221;#ffffff&#8221; border_style=&#8221;solid&#8221;]<\/p>\n<p style=\"text-align: center;\"><strong>ADVOCATS<\/strong><\/p>\n<p>[\/et_pb_text][\/et_pb_column][\/et_pb_row][\/et_pb_section][et_pb_section fb_built=&#8221;1&#8243; custom_padding_last_edited=&#8221;on|desktop&#8221; admin_label=&#8221;section&#8221; _builder_version=&#8221;3.22&#8243; background_color=&#8221;#ffffff&#8221; background_image=&#8221;https:\/\/www.csladvocats.com\/wp-content\/uploads\/2016\/07\/abogados2-4.jpg&#8221; custom_padding_tablet=&#8221;50px|0|50px|0&#8243; custom_padding_phone=&#8221;&#8221; transparent_background=&#8221;off&#8221; padding_mobile=&#8221;off&#8221; make_fullwidth=&#8221;off&#8221; use_custom_width=&#8221;off&#8221; width_unit=&#8221;on&#8221;][et_pb_row padding_mobile=&#8221;off&#8221; make_equal=&#8221;on&#8221; column_padding_mobile=&#8221;on&#8221; admin_label=&#8221;row&#8221; _builder_version=&#8221;3.25&#8243; background_size=&#8221;initial&#8221; background_position=&#8221;top_left&#8221; background_repeat=&#8221;repeat&#8221; make_fullwidth=&#8221;off&#8221; use_custom_width=&#8221;off&#8221; width_unit=&#8221;on&#8221;][et_pb_column type=&#8221;4_4&#8243; _builder_version=&#8221;3.25&#8243; custom_padding=&#8221;|||&#8221; custom_padding__hover=&#8221;|||&#8221;][et_pb_divider show_divider=&#8221;off&#8221; disabled_on=&#8221;on|on|off&#8221; admin_label=&#8221;Separador&#8221; _builder_version=&#8221;3.23.4&#8243; height=&#8221;2px&#8221; hide_on_mobile=&#8221;on&#8221;] [\/et_pb_divider][et_pb_divider show_divider=&#8221;off&#8221; disabled_on=&#8221;on|on|off&#8221; admin_label=&#8221;Separador&#8221; _builder_version=&#8221;3.23.4&#8243; height=&#8221;2px&#8221; hide_on_mobile=&#8221;on&#8221;] [\/et_pb_divider][et_pb_team_member name=&#8221;Rosa Fern\u00e1ndez Lorente&#8221; position=&#8221;S\u00f2cia Fundadora&#8221; admin_label=&#8221;Persona&#8221; _builder_version=&#8221;3.0.87&#8243; header_font=&#8221;Lato|on|||&#8221; header_text_color=&#8221;#ffffff&#8221; header_font_size=&#8221;20&#8243; body_font=&#8221;Open Sans||||&#8221; body_font_size=&#8221;13&#8243; background_color=&#8221;rgba(17,17,17,0.7)&#8221; background_size=&#8221;initial&#8221; background_position=&#8221;top_left&#8221; background_repeat=&#8221;repeat&#8221; background_layout=&#8221;dark&#8221; custom_padding=&#8221;20px|20px|20px|20px&#8221; animation=&#8221;fade_in&#8221; use_border_color=&#8221;off&#8221; border_color=&#8221;#ffffff&#8221; border_style=&#8221;solid&#8221;]<\/p>\n<ul>\n<li>Col\u00b7legiada n\u00fam. 27.619 a l&#8217;Il\u00b7lustre Col\u00b7legi d&#8217;Advocats de Barcelona<\/li>\n<li>Llicenciada en Dret a la Universitat de Barcelona<\/li>\n<li>M\u00e0ster en Dret del Treball i Seguretat Social Idec-Pompeu Fabra<\/li>\n<li>Postgrau d&#8217;economia a la Facultat d&#8217;Econ\u00f2miques de la Universitat de Barcelona<\/li>\n<li>Ma\u00eetrise en Dret Internacional i Comunitari (Universit\u00e9 de Sciences Socials de Tolosa, Fran\u00e7a).<\/li>\n<li>Ponent a diversos seminaris, confer\u00e8ncies, taules rodones, congressos a nivell internacional, relacionats amb el Dret del Treball<\/li>\n<\/ul>\n<p>[\/et_pb_team_member][et_pb_divider color=&#8221;#ffffff&#8221; disabled_on=&#8221;on|on|off&#8221; admin_label=&#8221;Separador&#8221; _builder_version=&#8221;3.2&#8243; hide_on_mobile=&#8221;on&#8221;] [\/et_pb_divider][et_pb_divider show_divider=&#8221;off&#8221; disabled_on=&#8221;on|on|off&#8221; admin_label=&#8221;Separador&#8221; _builder_version=&#8221;3.23.4&#8243; height=&#8221;2px&#8221; hide_on_mobile=&#8221;on&#8221;] [\/et_pb_divider][et_pb_team_member name=&#8221;Anna Toro Recasens&#8221; admin_label=&#8221;Persona&#8221; _builder_version=&#8221;3.0.87&#8243; header_font=&#8221;Lato|on|||&#8221; header_text_color=&#8221;#ffffff&#8221; header_font_size=&#8221;20&#8243; body_font=&#8221;Open Sans||||&#8221; body_font_size=&#8221;13&#8243; background_color=&#8221;rgba(17,17,17,0.7)&#8221; background_size=&#8221;initial&#8221; background_position=&#8221;top_left&#8221; background_repeat=&#8221;repeat&#8221; background_layout=&#8221;dark&#8221; custom_padding=&#8221;20px|20px|20px|20px&#8221; animation=&#8221;fade_in&#8221; use_border_color=&#8221;off&#8221; border_color=&#8221;#ffffff&#8221; border_style=&#8221;solid&#8221;]<\/p>\n<ul>\n<li>Col\u00b7legiada n\u00fam. 32.906 a l&#8217;Il\u00b7lustre Col\u00b7legi d&#8217;Advocats de Barcelona<\/li>\n<li>Llicenciada en Dret a la Universitat Pompeu Fabra<\/li>\n<li>M\u00e0ster en Dret del Treball i Seguretat Social Idec-Pompeu Fabra<\/li>\n<\/ul>\n<p>[\/et_pb_team_member][\/et_pb_column][\/et_pb_row][\/et_pb_section]<\/p>\n","protected":false},"excerpt":{"rendered":"<p>ADVOCATS Col\u00b7legiada n\u00fam. 27.619 a l&#8217;Il\u00b7lustre Col\u00b7legi d&#8217;Advocats de Barcelona Llicenciada en Dret a la Universitat de Barcelona M\u00e0ster en Dret del Treball i Seguretat Social Idec-Pompeu Fabra Postgrau d&#8217;economia a la Facultat d&#8217;Econ\u00f2miques de la Universitat de Barcelona Ma\u00eetrise en Dret Internacional i Comunitari (Universit\u00e9 de Sciences Socials de Tolosa, Fran\u00e7a). Ponent a diversos [&hellip;]<\/p>\n","protected":false},"author":3,"featured_media":0,"parent":0,"menu_order":0,"comment_status":"closed","ping_status":"closed","template":"","meta":{"_et_pb_use_builder":"on","_et_pb_old_content":"","_et_gb_content_width":"","footnotes":""},"class_list":["post-1123","page","type-page","status-publish","hentry"],"yoast_head":"<!-- This site is optimized with the Yoast SEO plugin v27.2 - https:\/\/yoast.com\/product\/yoast-seo-wordpress\/ -->\n<title>Signatura-CSL Advocats | Advocats laboralistes<\/title>\n<meta name=\"description\" content=\"Advocats sociofundador Miguel Fern\u00e1ndez Gonz\u00e1lez de Carvajal, Antoni Sarrias C\u00e1rdenes, Rosa Fern\u00e1ndez Lorente, Anna Toro Recasens\" \/>\n<meta name=\"robots\" content=\"index, follow, max-snippet:-1, max-image-preview:large, max-video-preview:-1\" \/>\n<link rel=\"canonical\" href=\"https:\/\/www.csladvocats.com\/ca\/advocats\/\" \/>\n<meta property=\"og:locale\" content=\"ca_ES\" \/>\n<meta property=\"og:type\" content=\"article\" \/>\n<meta property=\"og:title\" content=\"Signatura-CSL Advocats | Advocats laboralistes\" \/>\n<meta property=\"og:description\" content=\"Advocats sociofundador Miguel Fern\u00e1ndez Gonz\u00e1lez de Carvajal, Antoni Sarrias C\u00e1rdenes, Rosa Fern\u00e1ndez Lorente, Anna Toro Recasens\" \/>\n<meta property=\"og:url\" content=\"https:\/\/www.csladvocats.com\/ca\/advocats\/\" \/>\n<meta property=\"og:site_name\" content=\"CSL Advocats\" \/>\n<meta property=\"article:modified_time\" content=\"2023-06-06T14:40:13+00:00\" \/>\n<meta name=\"twitter:card\" content=\"summary_large_image\" \/>\n<meta name=\"twitter:label1\" content=\"Temps estimat de lectura\" \/>\n\t<meta name=\"twitter:data1\" content=\"3 minuts\" \/>\n<script type=\"application\/ld+json\" class=\"yoast-schema-graph\">{\"@context\":\"https:\/\/schema.org\",\"@graph\":[{\"@type\":\"WebPage\",\"@id\":\"https:\/\/www.csladvocats.com\/ca\/advocats\/\",\"url\":\"https:\/\/www.csladvocats.com\/ca\/advocats\/\",\"name\":\"Signatura-CSL Advocats | Advocats laboralistes\",\"isPartOf\":{\"@id\":\"https:\/\/www.csladvocats.com\/#website\"},\"datePublished\":\"2016-07-22T08:33:04+00:00\",\"dateModified\":\"2023-06-06T14:40:13+00:00\",\"description\":\"Advocats sociofundador Miguel Fern\u00e1ndez Gonz\u00e1lez de Carvajal, Antoni Sarrias C\u00e1rdenes, Rosa Fern\u00e1ndez Lorente, Anna Toro Recasens\",\"breadcrumb\":{\"@id\":\"https:\/\/www.csladvocats.com\/ca\/advocats\/#breadcrumb\"},\"inLanguage\":\"ca\",\"potentialAction\":[{\"@type\":\"ReadAction\",\"target\":[\"https:\/\/www.csladvocats.com\/ca\/advocats\/\"]}]},{\"@type\":\"BreadcrumbList\",\"@id\":\"https:\/\/www.csladvocats.com\/ca\/advocats\/#breadcrumb\",\"itemListElement\":[{\"@type\":\"ListItem\",\"position\":1,\"name\":\"Portada\",\"item\":\"https:\/\/www.csladvocats.com\/ca\/inicio\/\"},{\"@type\":\"ListItem\",\"position\":2,\"name\":\"Advocats\"}]},{\"@type\":\"WebSite\",\"@id\":\"https:\/\/www.csladvocats.com\/#website\",\"url\":\"https:\/\/www.csladvocats.com\/\",\"name\":\"CSL Advocats\",\"description\":\"Advocats Barcelona\",\"publisher\":{\"@id\":\"https:\/\/www.csladvocats.com\/#organization\"},\"alternateName\":\"Abogados en Barcelona\",\"potentialAction\":[{\"@type\":\"SearchAction\",\"target\":{\"@type\":\"EntryPoint\",\"urlTemplate\":\"https:\/\/www.csladvocats.com\/?s={search_term_string}\"},\"query-input\":{\"@type\":\"PropertyValueSpecification\",\"valueRequired\":true,\"valueName\":\"search_term_string\"}}],\"inLanguage\":\"ca\"},{\"@type\":\"Organization\",\"@id\":\"https:\/\/www.csladvocats.com\/#organization\",\"name\":\"CSL Advocats\",\"url\":\"https:\/\/www.csladvocats.com\/\",\"logo\":{\"@type\":\"ImageObject\",\"inLanguage\":\"ca\",\"@id\":\"https:\/\/www.csladvocats.com\/#\/schema\/logo\/image\/\",\"url\":\"https:\/\/www.csladvocats.com\/wp-content\/uploads\/2016\/07\/csl-logo-ok-1.jpg\",\"contentUrl\":\"https:\/\/www.csladvocats.com\/wp-content\/uploads\/2016\/07\/csl-logo-ok-1.jpg\",\"width\":300,\"height\":300,\"caption\":\"CSL Advocats\"},\"image\":{\"@id\":\"https:\/\/www.csladvocats.com\/#\/schema\/logo\/image\/\"}}]}<\/script>\n<!-- \/ Yoast SEO plugin. -->","yoast_head_json":{"title":"Signatura-CSL Advocats | Advocats laboralistes","description":"Advocats sociofundador Miguel Fern\u00e1ndez Gonz\u00e1lez de Carvajal, Antoni Sarrias C\u00e1rdenes, Rosa Fern\u00e1ndez Lorente, Anna Toro Recasens","robots":{"index":"index","follow":"follow","max-snippet":"max-snippet:-1","max-image-preview":"max-image-preview:large","max-video-preview":"max-video-preview:-1"},"canonical":"https:\/\/www.csladvocats.com\/ca\/advocats\/","og_locale":"ca_ES","og_type":"article","og_title":"Signatura-CSL Advocats | Advocats laboralistes","og_description":"Advocats sociofundador Miguel Fern\u00e1ndez Gonz\u00e1lez de Carvajal, Antoni Sarrias C\u00e1rdenes, Rosa Fern\u00e1ndez Lorente, Anna Toro Recasens","og_url":"https:\/\/www.csladvocats.com\/ca\/advocats\/","og_site_name":"CSL Advocats","article_modified_time":"2023-06-06T14:40:13+00:00","twitter_card":"summary_large_image","twitter_misc":{"Temps estimat de lectura":"3 minuts"},"schema":{"@context":"https:\/\/schema.org","@graph":[{"@type":"WebPage","@id":"https:\/\/www.csladvocats.com\/ca\/advocats\/","url":"https:\/\/www.csladvocats.com\/ca\/advocats\/","name":"Signatura-CSL Advocats | Advocats laboralistes","isPartOf":{"@id":"https:\/\/www.csladvocats.com\/#website"},"datePublished":"2016-07-22T08:33:04+00:00","dateModified":"2023-06-06T14:40:13+00:00","description":"Advocats sociofundador Miguel Fern\u00e1ndez Gonz\u00e1lez de Carvajal, Antoni Sarrias C\u00e1rdenes, Rosa Fern\u00e1ndez Lorente, Anna Toro Recasens","breadcrumb":{"@id":"https:\/\/www.csladvocats.com\/ca\/advocats\/#breadcrumb"},"inLanguage":"ca","potentialAction":[{"@type":"ReadAction","target":["https:\/\/www.csladvocats.com\/ca\/advocats\/"]}]},{"@type":"BreadcrumbList","@id":"https:\/\/www.csladvocats.com\/ca\/advocats\/#breadcrumb","itemListElement":[{"@type":"ListItem","position":1,"name":"Portada","item":"https:\/\/www.csladvocats.com\/ca\/inicio\/"},{"@type":"ListItem","position":2,"name":"Advocats"}]},{"@type":"WebSite","@id":"https:\/\/www.csladvocats.com\/#website","url":"https:\/\/www.csladvocats.com\/","name":"CSL Advocats","description":"Advocats Barcelona","publisher":{"@id":"https:\/\/www.csladvocats.com\/#organization"},"alternateName":"Abogados en Barcelona","potentialAction":[{"@type":"SearchAction","target":{"@type":"EntryPoint","urlTemplate":"https:\/\/www.csladvocats.com\/?s={search_term_string}"},"query-input":{"@type":"PropertyValueSpecification","valueRequired":true,"valueName":"search_term_string"}}],"inLanguage":"ca"},{"@type":"Organization","@id":"https:\/\/www.csladvocats.com\/#organization","name":"CSL Advocats","url":"https:\/\/www.csladvocats.com\/","logo":{"@type":"ImageObject","inLanguage":"ca","@id":"https:\/\/www.csladvocats.com\/#\/schema\/logo\/image\/","url":"https:\/\/www.csladvocats.com\/wp-content\/uploads\/2016\/07\/csl-logo-ok-1.jpg","contentUrl":"https:\/\/www.csladvocats.com\/wp-content\/uploads\/2016\/07\/csl-logo-ok-1.jpg","width":300,"height":300,"caption":"CSL Advocats"},"image":{"@id":"https:\/\/www.csladvocats.com\/#\/schema\/logo\/image\/"}}]}},"_links":{"self":[{"href":"https:\/\/www.csladvocats.com\/ca\/wp-json\/wp\/v2\/pages\/1123","targetHints":{"allow":["GET"]}}],"collection":[{"href":"https:\/\/www.csladvocats.com\/ca\/wp-json\/wp\/v2\/pages"}],"about":[{"href":"https:\/\/www.csladvocats.com\/ca\/wp-json\/wp\/v2\/types\/page"}],"author":[{"embeddable":true,"href":"https:\/\/www.csladvocats.com\/ca\/wp-json\/wp\/v2\/users\/3"}],"replies":[{"embeddable":true,"href":"https:\/\/www.csladvocats.com\/ca\/wp-json\/wp\/v2\/comments?post=1123"}],"version-history":[{"count":5,"href":"https:\/\/www.csladvocats.com\/ca\/wp-json\/wp\/v2\/pages\/1123\/revisions"}],"predecessor-version":[{"id":1325,"href":"https:\/\/www.csladvocats.com\/ca\/wp-json\/wp\/v2\/pages\/1123\/revisions\/1325"}],"wp:attachment":[{"href":"https:\/\/www.csladvocats.com\/ca\/wp-json\/wp\/v2\/media?parent=1123"}],"curies":[{"name":"wp","href":"https:\/\/api.w.org\/{rel}","templated":true}]}}